{"id":500,"date":"2018-02-22T10:51:48","date_gmt":"2018-02-22T10:51:48","guid":{"rendered":"http:\/\/santabernardita.azurewebsites.net\/?page_id=500"},"modified":"2018-06-21T11:39:38","modified_gmt":"2018-06-21T11:39:38","slug":"menus","status":"publish","type":"page","link":"https:\/\/santabernardita.es\/index.php\/menus\/","title":{"rendered":"Men\u00fas"},"content":{"rendered":"<p><div class=\"fusion-fullwidth fullwidth-box nonhundred-percent-fullwidth non-hundred-percent-height-scrolling\"  style='background-color: rgba(255,255,255,0);background-position: center center;background-repeat: no-repeat;padding-top:0px;padding-right:0px;padding-bottom:0px;padding-left:0px;'><div class=\"fusion-builder-row fusion-row \"><div  class=\"fusion-layout-column fusion_builder_column fusion_builder_column_1_1  fusion-one-full fusion-column-first fusion-column-last fusion-column-no-min-height 1_1\"  style='margin-top:0px;margin-bottom:20px;'>\n\t\t\t\t\t<div class=\"fusion-column-wrapper\" style=\"padding: 0px 0px 0px 0px;background-position:left top;background-repeat:no-repeat;-webkit-background-size:cover;-moz-background-size:cover;-o-background-size:cover;background-size:cover;\"  data-bg-url=\"\">\n\t\t\t\t\t\t<div class=\"fusion-column-content-centered\"><div class=\"fusion-column-content\">\t\t\t\t\t<div class=\"fusion-slider-container fusion-slider-7 full-width-slider \" id=\"fusion-slider-sc-slider_sb\" style=\"height:400px; max-width:100%;\">\n\t\t\t\t\t\t<style type=\"text\/css\" scoped=\"scoped\">\n\t\t\t\t\t\t.fusion-slider-7 .flex-direction-nav a {\n\t\t\t\t\t\t\twidth:63px;height:63px;line-height:63px;font-size:25px;\t\t\t\t\t\t}\n\n\t\t\t\t\t\t\t\t\t\t\t\t<\/style>\n\t\t\t\t\t\t<div class=\"fusion-slider-loading\">Loading...<\/div>\n\t\t\t\t\t\t<div class=\"tfs-slider flexslider main-flex full-width-slider\" data-slider_width=\"100%\" data-slider_height=\"400px\" data-full_screen=\"0\" data-slider_indicator=\"scroll_down_indicator\" data-parallax=\"0\" data-nav_arrows=\"1\" data-nav_box_width=\"63px\" data-nav_box_height=\"63px\" data-nav_arrow_size=\"25px\" data-autoplay=\"0\" data-loop=\"0\" data-orderby=\"date\" data-order=\"DESC\" data-animation=\"fade\" data-slideshow_speed=\"7000\" data-animation_speed=\"600\" data-typo_sensitivity=\"1\" data-typo_factor=\"1.5\" style=\"max-width:100%;\">\n\t\t\t\t\t\t\t<ul class=\"slides\">\n\t\t\t\t\t\t\t\t\t\t\t\t\t\t\t\t\t<li data-mute=\"yes\" data-loop=\"yes\" data-autoplay=\"yes\">\n\t\t\t\t\t\t\t\t\t\t<div class=\"slide-content-container slide-content-center\" style=\"display: none;\">\n\t\t\t\t\t\t\t\t\t\t\t<div class=\"slide-content\" style=\"\">\n\t\t\t\t\t\t\t\t\t\t\t\t\t\t\t\t\t\t\t\t\t\t\t\t\t\t\t\t\t\t\t\t\t\t\t\t\t\t\t\t\t\t\t\t\t\t\t\t\t<div class=\"buttons\" >\n\t\t\t\t\t\t\t\t\t\t\t\t\t\t\t\t\t\t\t\t\t\t\t\t\t\t\t\t\t\t\t\t\t\t\t\t\t\t\t\t\t<\/div>\n\t\t\t\t\t\t\t\t\t\t\t\t\t\t\t\t\t\t\t\t\t\t\t<\/div>\n\t\t\t\t\t\t\t\t\t\t<\/div>\n\t\t\t\t\t\t\t\t\t\t\t\t\t\t\t\t\t\t\t\t\t\t\t\t\t\t\t\t\t\t\t\t\t\t\t\t\t\t\t\t<div class=\"background background-image\" style=\"background-image: url(https:\/\/santabernardita.es\/wp-content\/uploads\/2019\/10\/aniversario400_1.jpg);max-width:100%;height:400px;filter: progid:DXImageTransform.Microsoft.AlphaImageLoader(src='https:\/\/santabernardita.es\/wp-content\/uploads\/2019\/10\/aniversario400_1.jpg', sizingMethod='scale');-ms-filter:'progid:DXImageTransform.Microsoft.AlphaImageLoader(src='https:\/\/santabernardita.es\/wp-content\/uploads\/2019\/10\/aniversario400_1.jpg', sizingMethod='scale')';\" data-imgwidth=\"1080\">\n\t\t\t\t\t\t\t\t\t\t\t\t\t\t\t\t\t\t\t\t\t\t\t\t\t\t\t\t\t\t\t\t\t\t\t\t\t\t\t\t\t\t\t\t\t\t\t\t\t\t\t\t\t\t\t\t\t\t\t\t\t\t\t\t\t\t<\/div>\n\t\t\t\t\t\t\t\t\t<\/li>\n\t\t\t\t\t\t\t\t\t\t\t\t\t\t\t\t\t<li data-mute=\"yes\" data-loop=\"yes\" data-autoplay=\"yes\">\n\t\t\t\t\t\t\t\t\t\t<div class=\"slide-content-container slide-content-center\" style=\"display: none;\">\n\t\t\t\t\t\t\t\t\t\t\t<div class=\"slide-content\" style=\"\">\n\t\t\t\t\t\t\t\t\t\t\t\t\t\t\t\t\t\t\t\t\t\t\t\t\t<div class=\"heading with-bg\">\n\t\t\t\t\t\t\t\t\t\t\t\t\t\t<div class=\"fusion-title-sc-wrapper\" style=\"background-color: rgba(0,0,0, 0.4);\">\n\t\t\t\t\t\t\t\t\t\t\t\t\t\t\t<div class=\"fusion-title title fusion-sep-none fusion-title-center fusion-title-size-two\" style=\"margin-top:0px;margin-bottom:0px;\"><h2 class=\"title-heading-center\" style=\"font-size:60px;line-height:80px;\">Colegio Santa Bernardita<\/h2><\/div>\t\t\t\t\t\t\t\t\t\t\t\t\t\t<\/div>\n\t\t\t\t\t\t\t\t\t\t\t\t\t<\/div>\n\t\t\t\t\t\t\t\t\t\t\t\t\t\t\t\t\t\t\t\t\t\t\t\t\t\t\t\t\t\t\t\t\t\t\t\t\t<div class=\"caption with-bg\">\n\t\t\t\t\t\t\t\t\t\t\t\t\t\t<div class=\"fusion-title-sc-wrapper\" style=\"background-color: rgba(0, 0, 0, 0.4);\">\n\t\t\t\t\t\t\t\t\t\t\t\t\t\t\t<div class=\"fusion-title title fusion-sep-none fusion-title-center fusion-title-size-three\" style=\"margin-top:0px;margin-bottom:0px;\"><h3 class=\"title-heading-center\" style=\"font-size: 24px;line-height:38px;\">Trabajamos la autonom\u00eda del ni\u00f1o, fomentando su autoestima para que conf\u00ede en sus propias capacidades.<\/h3><\/div>\t\t\t\t\t\t\t\t\t\t\t\t\t\t<\/div>\n\t\t\t\t\t\t\t\t\t\t\t\t\t<\/div>\n\t\t\t\t\t\t\t\t\t\t\t\t\t\t\t\t\t\t\t\t\t\t\t\t\t\t\t\t\t\t\t\t\t\t\t<\/div>\n\t\t\t\t\t\t\t\t\t\t<\/div>\n\t\t\t\t\t\t\t\t\t\t\t\t\t\t\t\t\t\t\t\t\t\t\t\t\t\t\t\t\t\t\t\t\t\t\t\t\t\t\t\t<div class=\"background background-image\" style=\"background-image: url(https:\/\/santabernardita.es\/wp-content\/uploads\/2018\/02\/5c.jpg);max-width:100%;height:400px;filter: progid:DXImageTransform.Microsoft.AlphaImageLoader(src='https:\/\/santabernardita.es\/wp-content\/uploads\/2018\/02\/5c.jpg', sizingMethod='scale');-ms-filter:'progid:DXImageTransform.Microsoft.AlphaImageLoader(src='https:\/\/santabernardita.es\/wp-content\/uploads\/2018\/02\/5c.jpg', sizingMethod='scale')';\" data-imgwidth=\"2013\">\n\t\t\t\t\t\t\t\t\t\t\t\t\t\t\t\t\t\t\t\t\t\t\t\t\t\t\t\t\t\t\t\t\t\t\t\t\t\t\t\t\t\t\t\t\t\t\t\t\t\t\t\t\t\t\t\t\t\t\t\t\t\t\t\t\t\t<\/div>\n\t\t\t\t\t\t\t\t\t<\/li>\n\t\t\t\t\t\t\t\t\t\t\t\t\t\t\t\t\t\t\t\t\t\t\t<\/ul>\n\t\t\t\t\t\t<\/div>\n\t\t\t\t\t<\/div>\n\t\t\t\t\t\t\t\t<div class=\"fusion-title title fusion-title-size-one\" style=\"margin-top:0px;margin-bottom:31px;\"><h1 class=\"title-heading-left\">Men\u00fas<\/h1><div class=\"title-sep-container\"><div class=\"title-sep sep-double\" style=\"border-color:#004380;\"><\/div><\/div><\/div><\/div><\/div><div class=\"fusion-clearfix\"><\/div>\n\n\t\t\t\t\t<\/div>\n\t\t\t\t<\/div><\/div><\/div><div class=\"fusion-fullwidth fullwidth-box nonhundred-percent-fullwidth non-hundred-percent-height-scrolling\"  style='background-color: rgba(255,255,255,0);background-position: center center;background-repeat: no-repeat;padding-top:0px;padding-right:0px;padding-bottom:0px;padding-left:0px;'><div class=\"fusion-builder-row fusion-row \"><div  class=\"fusion-layout-column fusion_builder_column fusion_builder_column_1_1  fusion-one-full fusion-column-first fusion-column-last 1_1\"  style='margin-top:0px;margin-bottom:20px;width:100%'>\n\t\t\t\t\t<div class=\"fusion-column-wrapper\" style=\"padding: 0px 0px 0px 0px;background-position:left top;background-repeat:no-repeat;-webkit-background-size:cover;-moz-background-size:cover;-o-background-size:cover;background-size:cover;\"  data-bg-url=\"\">\n\t\t\t\t\t\t<div class=\"fusion-recent-posts avada-container layout-thumbnails-on-side layout-columns-3\"><section class=\"fusion-columns columns fusion-columns-3 columns-3\"><div class=\"fusion-column column col col-lg-4 col-md-4 col-sm-4 fusion-animated\" data-animationType=\"zoomInLeft\" data-animationDuration=\"0.5\" data-animationOffset=\"100%\"><div class=\"fusion-flexslider flexslider floated-slideshow flexslider-hover-type-none\"><ul class=\"slides\"><li><a href=\"https:\/\/santabernardita.es\/index.php\/2024\/08\/28\/menus-sep-24\/\" class=\"hover-type-none\" aria-label=\"MEN\u00daS  ESCOLARES CURSO 2025_2026\"><img decoding=\"async\" src=\"https:\/\/santabernardita.es\/wp-content\/uploads\/2018\/10\/chef-2-177x142.png\" alt=\"\" \/><\/a><\/li><\/ul><\/div><div class=\"recent-posts-content\">\n\t\t\t\n\t\t\t\t\t\t\t<span class=\"vcard\" style=\"display: none;\">\n\t\t\t\t\t<span class=\"fn\">\n\t\t\t\t\t\t<a href=\"https:\/\/santabernardita.es\/index.php\/author\/editorweb\/\" title=\"Entradas de Santa Bernardita\" rel=\"author\">Santa Bernardita<\/a>\t\t\t\t\t<\/span>\n\t\t\t\t<\/span>\n\t\t\t\n\t\t\t\t\t\t\t<span class=\"updated\" style=\"display:none;\">\n\t\t\t\t\t2025-10-20T08:45:47+00:00\t\t\t\t<\/span>\n\t\t\t\n\t\t<h4 class=\"entry-title\"><a href=\"https:\/\/santabernardita.es\/index.php\/2024\/08\/28\/menus-sep-24\/\">MEN\u00daS  ESCOLARES CURSO 2025_2026<\/a><\/h4><p>Para consultar los men\u00fas pinchad AQUI El\u00a0USUARIO\u00a0es\u00a0COLEGIO SANTA BERNARDITA\u00a0 y el\u00a0C\u00d3DIGO\u00a08923 &nbsp;<\/p><\/div><\/div><\/section><\/div><div class=\"fusion-clearfix\"><\/div>\n\n\t\t\t\t\t<\/div>\n\t\t\t\t<\/div><\/div><\/div><div class=\"fusion-fullwidth fullwidth-box nonhundred-percent-fullwidth non-hundred-percent-height-scrolling\"  style='background-color: rgba(255,255,255,0);background-position: center center;background-repeat: no-repeat;padding-top:0px;padding-right:0px;padding-bottom:0px;padding-left:0px;'><div class=\"fusion-builder-row fusion-row \"><div  class=\"fusion-layout-column fusion_builder_column fusion_builder_column_1_1  fusion-one-full fusion-column-first fusion-column-last 1_1\"  style='margin-top:0px;margin-bottom:20px;width:100%'>\n\t\t\t\t\t<div class=\"fusion-column-wrapper\" style=\"padding: 0px 0px 0px 0px;background-position:left top;background-repeat:no-repeat;-webkit-background-size:cover;-moz-background-size:cover;-o-background-size:cover;background-size:cover;\"  data-bg-url=\"\">\n\t\t\t\t\t\t<div class=\"fusion-gallery fusion-gallery-container fusion-grid-4 fusion-columns-total-4 fusion-gallery-layout-grid\" style=\"margin:-5px;\"><div style=\"padding:5px;\" class=\"fusion-grid-column fusion-gallery-column fusion-gallery-column-4 hover-type-zoomin\"><div class=\"fusion-gallery-image\"><a href=\"https:\/\/santabernardita.es\/wp-content\/uploads\/2018\/05\/9d.jpg\" class=\"fusion-lightbox\" data-rel=\"iLightbox[d96c28225ada93db5d9]\" data-title=\"9d\" title=\"9d\"><img loading=\"lazy\" decoding=\"async\" width=\"320\" height=\"202\" src=\"https:\/\/santabernardita.es\/wp-content\/uploads\/2018\/05\/9d-320x202.jpg\" alt=\"\" title=\"9d\" aria-label=\"9d\" class=\"img-responsive wp-image-390\" \/><\/a><\/div><\/div><div style=\"padding:5px;\" class=\"fusion-grid-column fusion-gallery-column fusion-gallery-column-4 hover-type-zoomin\"><div class=\"fusion-gallery-image\"><a href=\"https:\/\/santabernardita.es\/wp-content\/uploads\/2018\/05\/10d.jpg\" class=\"fusion-lightbox\" data-rel=\"iLightbox[d96c28225ada93db5d9]\" data-title=\"10d\" title=\"10d\"><img loading=\"lazy\" decoding=\"async\" width=\"320\" height=\"202\" src=\"https:\/\/santabernardita.es\/wp-content\/uploads\/2018\/05\/10d-320x202.jpg\" alt=\"\" title=\"10d\" aria-label=\"10d\" class=\"img-responsive wp-image-391\" \/><\/a><\/div><\/div><div style=\"padding:5px;\" class=\"fusion-grid-column fusion-gallery-column fusion-gallery-column-4 hover-type-zoomin\"><div class=\"fusion-gallery-image\"><a href=\"https:\/\/santabernardita.es\/wp-content\/uploads\/2018\/05\/11d.jpg\" class=\"fusion-lightbox\" data-rel=\"iLightbox[d96c28225ada93db5d9]\" data-title=\"11d\" title=\"11d\"><img loading=\"lazy\" decoding=\"async\" width=\"320\" height=\"202\" src=\"https:\/\/santabernardita.es\/wp-content\/uploads\/2018\/05\/11d-320x202.jpg\" alt=\"\" title=\"11d\" aria-label=\"11d\" class=\"img-responsive wp-image-392\" \/><\/a><\/div><\/div><div style=\"padding:5px;\" class=\"fusion-grid-column fusion-gallery-column fusion-gallery-column-4 hover-type-zoomin\"><div class=\"fusion-gallery-image\"><a href=\"https:\/\/santabernardita.es\/wp-content\/uploads\/2018\/05\/13d.jpg\" class=\"fusion-lightbox\" data-rel=\"iLightbox[d96c28225ada93db5d9]\" data-title=\"13d\" title=\"13d\"><img loading=\"lazy\" decoding=\"async\" width=\"320\" height=\"202\" src=\"https:\/\/santabernardita.es\/wp-content\/uploads\/2018\/05\/13d-320x202.jpg\" alt=\"\" title=\"13d\" aria-label=\"13d\" class=\"img-responsive wp-image-393\" \/><\/a><\/div><\/div><div class=\"clearfix\"><\/div><\/div><div class=\"fusion-clearfix\"><\/div>\n\n\t\t\t\t\t<\/div>\n\t\t\t\t<\/div><\/div><\/div><\/p>\n","protected":false},"excerpt":{"rendered":"","protected":false},"author":1,"featured_media":0,"parent":0,"menu_order":0,"comment_status":"closed","ping_status":"closed","template":"","meta":{"footnotes":""},"class_list":["post-500","page","type-page","status-publish","hentry"],"yoast_head":"<!-- This site is optimized with the Yoast SEO plugin v24.2 - https:\/\/yoast.com\/wordpress\/plugins\/seo\/ -->\n<title>Men\u00fas - Colegio Santa Bernardita<\/title>\n<meta name=\"robots\" content=\"index, follow, max-snippet:-1, max-image-preview:large, max-video-preview:-1\" \/>\n<link rel=\"canonical\" href=\"https:\/\/santabernardita.es\/index.php\/menus\/\" \/>\n<meta property=\"og:locale\" content=\"es_ES\" \/>\n<meta property=\"og:type\" content=\"article\" \/>\n<meta property=\"og:title\" content=\"Men\u00fas - Colegio Santa Bernardita\" \/>\n<meta property=\"og:url\" content=\"https:\/\/santabernardita.es\/index.php\/menus\/\" \/>\n<meta property=\"og:site_name\" content=\"Colegio Santa Bernardita\" \/>\n<meta property=\"article:modified_time\" content=\"2018-06-21T11:39:38+00:00\" \/>\n<meta name=\"twitter:card\" content=\"summary_large_image\" \/>\n<meta name=\"twitter:label1\" content=\"Tiempo de lectura\" \/>\n\t<meta name=\"twitter:data1\" content=\"3 minutos\" \/>\n<script type=\"application\/ld+json\" class=\"yoast-schema-graph\">{\"@context\":\"https:\/\/schema.org\",\"@graph\":[{\"@type\":\"WebPage\",\"@id\":\"https:\/\/santabernardita.es\/index.php\/menus\/\",\"url\":\"https:\/\/santabernardita.es\/index.php\/menus\/\",\"name\":\"Men\u00fas - Colegio Santa Bernardita\",\"isPartOf\":{\"@id\":\"https:\/\/santabernardita.es\/#website\"},\"datePublished\":\"2018-02-22T10:51:48+00:00\",\"dateModified\":\"2018-06-21T11:39:38+00:00\",\"breadcrumb\":{\"@id\":\"https:\/\/santabernardita.es\/index.php\/menus\/#breadcrumb\"},\"inLanguage\":\"es\",\"potentialAction\":[{\"@type\":\"ReadAction\",\"target\":[\"https:\/\/santabernardita.es\/index.php\/menus\/\"]}]},{\"@type\":\"BreadcrumbList\",\"@id\":\"https:\/\/santabernardita.es\/index.php\/menus\/#breadcrumb\",\"itemListElement\":[{\"@type\":\"ListItem\",\"position\":1,\"name\":\"Portada\",\"item\":\"https:\/\/santabernardita.es\/\"},{\"@type\":\"ListItem\",\"position\":2,\"name\":\"Men\u00fas\"}]},{\"@type\":\"WebSite\",\"@id\":\"https:\/\/santabernardita.es\/#website\",\"url\":\"https:\/\/santabernardita.es\/\",\"name\":\"Colegio Santa Bernardita\",\"description\":\"Santa Bernardita\",\"potentialAction\":[{\"@type\":\"SearchAction\",\"target\":{\"@type\":\"EntryPoint\",\"urlTemplate\":\"https:\/\/santabernardita.es\/?s={search_term_string}\"},\"query-input\":{\"@type\":\"PropertyValueSpecification\",\"valueRequired\":true,\"valueName\":\"search_term_string\"}}],\"inLanguage\":\"es\"}]}<\/script>\n<!-- \/ Yoast SEO plugin. -->","yoast_head_json":{"title":"Men\u00fas - Colegio Santa Bernardita","robots":{"index":"index","follow":"follow","max-snippet":"max-snippet:-1","max-image-preview":"max-image-preview:large","max-video-preview":"max-video-preview:-1"},"canonical":"https:\/\/santabernardita.es\/index.php\/menus\/","og_locale":"es_ES","og_type":"article","og_title":"Men\u00fas - Colegio Santa Bernardita","og_url":"https:\/\/santabernardita.es\/index.php\/menus\/","og_site_name":"Colegio Santa Bernardita","article_modified_time":"2018-06-21T11:39:38+00:00","twitter_card":"summary_large_image","twitter_misc":{"Tiempo de lectura":"3 minutos"},"schema":{"@context":"https:\/\/schema.org","@graph":[{"@type":"WebPage","@id":"https:\/\/santabernardita.es\/index.php\/menus\/","url":"https:\/\/santabernardita.es\/index.php\/menus\/","name":"Men\u00fas - Colegio Santa Bernardita","isPartOf":{"@id":"https:\/\/santabernardita.es\/#website"},"datePublished":"2018-02-22T10:51:48+00:00","dateModified":"2018-06-21T11:39:38+00:00","breadcrumb":{"@id":"https:\/\/santabernardita.es\/index.php\/menus\/#breadcrumb"},"inLanguage":"es","potentialAction":[{"@type":"ReadAction","target":["https:\/\/santabernardita.es\/index.php\/menus\/"]}]},{"@type":"BreadcrumbList","@id":"https:\/\/santabernardita.es\/index.php\/menus\/#breadcrumb","itemListElement":[{"@type":"ListItem","position":1,"name":"Portada","item":"https:\/\/santabernardita.es\/"},{"@type":"ListItem","position":2,"name":"Men\u00fas"}]},{"@type":"WebSite","@id":"https:\/\/santabernardita.es\/#website","url":"https:\/\/santabernardita.es\/","name":"Colegio Santa Bernardita","description":"Santa Bernardita","potentialAction":[{"@type":"SearchAction","target":{"@type":"EntryPoint","urlTemplate":"https:\/\/santabernardita.es\/?s={search_term_string}"},"query-input":{"@type":"PropertyValueSpecification","valueRequired":true,"valueName":"search_term_string"}}],"inLanguage":"es"}]}},"_links":{"self":[{"href":"https:\/\/santabernardita.es\/index.php\/wp-json\/wp\/v2\/pages\/500","targetHints":{"allow":["GET"]}}],"collection":[{"href":"https:\/\/santabernardita.es\/index.php\/wp-json\/wp\/v2\/pages"}],"about":[{"href":"https:\/\/santabernardita.es\/index.php\/wp-json\/wp\/v2\/types\/page"}],"author":[{"embeddable":true,"href":"https:\/\/santabernardita.es\/index.php\/wp-json\/wp\/v2\/users\/1"}],"replies":[{"embeddable":true,"href":"https:\/\/santabernardita.es\/index.php\/wp-json\/wp\/v2\/comments?post=500"}],"version-history":[{"count":1,"href":"https:\/\/santabernardita.es\/index.php\/wp-json\/wp\/v2\/pages\/500\/revisions"}],"predecessor-version":[{"id":504,"href":"https:\/\/santabernardita.es\/index.php\/wp-json\/wp\/v2\/pages\/500\/revisions\/504"}],"wp:attachment":[{"href":"https:\/\/santabernardita.es\/index.php\/wp-json\/wp\/v2\/media?parent=500"}],"curies":[{"name":"wp","href":"https:\/\/api.w.org\/{rel}","templated":true}]}}