{"id":955,"date":"2019-03-23T12:27:29","date_gmt":"2019-03-23T12:27:29","guid":{"rendered":"http:\/\/www.santabernardita.es\/?page_id=955"},"modified":"2019-03-23T14:04:37","modified_gmt":"2019-03-23T14:04:37","slug":"politica-privacidad","status":"publish","type":"page","link":"https:\/\/santabernardita.es\/index.php\/politica-privacidad\/","title":{"rendered":"Pol\u00edtica de privacidad"},"content":{"rendered":"<div class=\"fusion-fullwidth fullwidth-box nonhundred-percent-fullwidth non-hundred-percent-height-scrolling\"  style='background-color: rgba(255,255,255,0);background-position: center center;background-repeat: no-repeat;padding-top:0px;padding-right:0px;padding-bottom:0px;padding-left:0px;'><div class=\"fusion-builder-row fusion-row \"><div  class=\"fusion-layout-column fusion_builder_column fusion_builder_column_1_1  fusion-one-full fusion-column-first fusion-column-last fusion-blend-mode 1_1\"  style='margin-top:0px;margin-bottom:20px;'>\n\t\t\t\t\t<div class=\"fusion-column-wrapper\" style=\"background-color:#ffffff;border:1px solid #005d8c;padding: 20px 20px 20px 20px;background-position:left top;background-repeat:no-repeat;-webkit-background-size:cover;-moz-background-size:cover;-o-background-size:cover;background-size:cover;\"  data-bg-url=\"\">\n\t\t\t\t\t\t<div class=\"fusion-text\"><p style=\"text-align: center;\"><strong>PRIVACIDAD \u2013 INFORMACI\u00d3N AMPLIADA<\/strong><\/p>\n<p>La presente Pol\u00edtica de Privacidad forma parte de las Condiciones Generales que rigen la web\u00a0\u00a0 <a href=\"https:\/\/www.menesianomadrid.com\/\">http:\/\/www.santabernardita.es<\/a> (en adelante, la Web).<\/p>\n<p>\u00daltima actualizaci\u00f3n: Marzo 2019<\/p>\n<p>De acuerdo con la normativa de protecci\u00f3n de datos de car\u00e1cter personal, y en conformidad con lo previsto en los art\u00edculos 13 y 14 del Reglamento UE 2016\/679, Reglamento General de Protecci\u00f3n de Datos, mediante la presente Pol\u00edtica de Privacidad, el Usuario queda informado de lo siguiente:<\/p>\n<p><strong>Responsable del tratamiento de los datos de car\u00e1cter personal<\/strong><\/p>\n<p>COLEGIO SANTA BERNARDITA 0 (en adelante el responsable), con domicilio social en C\/ Pr\u00edncipe de Asturias, 10 y CIF n\u00famero R2800946B, es responsable del tratamiento de los datos facilitados por los usuarios (\u201cUsuarios\u201d) a trav\u00e9s de la Web.<\/p>\n<p>Puedes ponerte en contacto con COLEGIO SANTA BERNARDITA a trav\u00e9s de correo postal en la direcci\u00f3n arriba indicada, por correo electr\u00f3nico a la direcci\u00f3n: <a href=\"mailto:direccion@santabernardita.es\">direccion@santabernardita.es<\/a> y <a href=\"mailto:secretaria@santabernardita.es\">secretaria@santabernardita.es<\/a><\/p>\n<p>Nos reservamos el derecho a modificar o adaptar la presente Pol\u00edtica de Privacidad en cualquier momento, por lo que te recomendamos revisar la misma.<\/p>\n<p><strong>Datos objeto del tratamiento<\/strong><\/p>\n<p><strong>\u00a0<\/strong><u>CONTACTOS DE LA WEB, CORREO ELECTR\u00d3NICO<\/u><\/p>\n<p>El responsable tratar\u00e1 los datos identificativos y de contacto que el usuario proporcione a trav\u00e9s del formulario de contacto, el formulario para gestionar la inscripci\u00f3n a cursos, o al ponerse en contacto con el Responsable mediante correo electr\u00f3nico, as\u00ed como otros datos que el usuario incluya. Adem\u00e1s, COLEGIO SANTA BERNARDITA podr\u00e1 tratar la IP, sistema operativo o navegador que utiliza el usuario, e incluso la duraci\u00f3n de la visita, de forma an\u00f3nima.<\/p>\n<p>As\u00ed, los datos ser\u00e1n tratados con las siguientes finalidades:<\/p>\n<p><strong>\u00a0<\/strong>Contestar consultas, solicitudes o peticiones.<\/p>\n<ul>\n<li>Gestionar el servicio solicitado, contestar solicitudes, o tramitar peticiones.<\/li>\n<li>Informaci\u00f3n por medios electr\u00f3nicos, que versen sobre una solicitud.<\/li>\n<li>Realizar an\u00e1lisis y mejoras en la Web, sobre los servicios de {Accounts.accountname}.<\/li>\n<\/ul>\n<p>El tratamiento de datos se basa en la aceptaci\u00f3n y consentimiento del interesado: en aquellos casos donde para realizar una solicitud sea necesario cumplimentar un formulario y hacer un \u00abclick\u00bb en el bot\u00f3n de enviar, la realizaci\u00f3n del mismo implicar\u00e1 necesariamente que el usuario ha sido informado y ha otorgado expresamente su consentimiento al tratamiento de sus datos en base a la presente pol\u00edtica de privacidad.<\/p>\n<p>Todos nuestros formularios cuentan con el s\u00edmbolo * en los datos obligatorios. Si no facilitas esos campos, o no marcas el checkbox de aceptaci\u00f3n de la pol\u00edtica de privacidad, no se permitir\u00e1 el env\u00edo de la informaci\u00f3n.<\/p>\n<p><u>CONTACTOS REDES SOCIALES<\/u><\/p>\n<p>Los datos personales disponibles en los perfiles de RRSS, as\u00ed como aquellos que el usuario proporcione al Responsable al contactar con el mediante esta v\u00eda, ser\u00e1n tratados con la finalidad de:<\/p>\n<ul>\n<li>Contestar a consultas, solicitudes o peticiones.<\/li>\n<li>Gestionar el servicio solicitado, contestar a la solicitud, o tramitar una petici\u00f3n.<\/li>\n<li>Establecer una relaci\u00f3n usuario-responsable, y crear una comunidad de seguidores.<\/li>\n<\/ul>\n<p>En este caso el tratamiento, se basa en la aceptaci\u00f3n de una relaci\u00f3n contractual en el entorno de la red social que corresponda, y conforme a sus pol\u00edticas de Privacidad, por lo que es recomendable que el usuario consulte las mismas.<\/p>\n<p>COLEGIO SANTA BERNARDITA \u00fanicamente podr\u00e1 consultar o dar de baja los datos de forma restringida al tener un perfil espec\u00edfico. Estos ser\u00e1n tratados tanto tiempo como el usuario lo permita mediante las distintas interacciones que cada RRSS permita. Cualquier rectificaci\u00f3n de los datos o restricci\u00f3n de informaci\u00f3n o de publicaciones, el usuario debe realizarla a trav\u00e9s de la configuraci\u00f3n de su perfil en la propia red social.<\/p>\n<p><strong>\u00a0<\/strong><\/p>\n<p><u>DEMANDANTES DE EMPLEO\/PR\u00c1CTICAS<\/u><\/p>\n<p>COLEGIO SANTA BERNARDITA recabar\u00e1 datos de los candidatos a trav\u00e9s de su bolsa de empleo accesible desde su web o cuando el demandante de empleo env\u00ede su curr\u00edculum a la direcci\u00f3n de correo electr\u00f3nico c.santabernardita@gmail.com. Tratar\u00e1 los datos identificativos y de contacto, acad\u00e9micos y profesionales que el candidato incluya al registrarse y completar su perfil y\/o en su curr\u00edculum vitae con las siguientes finalidades:<\/p>\n<ul>\n<li>Organizaci\u00f3n de procesos de selecci\u00f3n para la contrataci\u00f3n de empleados.<\/li>\n<li>Citaci\u00f3n para entrevistas de trabajo y evaluaci\u00f3n de candidaturas.<\/li>\n<\/ul>\n<p>La base legal para el tratamiento descrito es el consentimiento inequ\u00edvoco del candidato, que para poder registrarse en el portal de empleo debe marcar el checkbox de aceptaci\u00f3n de la presente pol\u00edtica.<\/p>\n<p>Transcurrido un a\u00f1o desde la recepci\u00f3n de un curr\u00edculum vitae, COLEGIO SANTA BERNARDITA proceder\u00e1 a su destrucci\u00f3n segura.<\/p>\n<p><u>USUARIOS DE LA PLATAFORMA EDUCATIVA<\/u><\/p>\n<p>Los datos incluidos en la plataforma educativa Educ@mos\/Clickedu\/Alexia\/Moodle&#8230; ser\u00e1n tratados por COLEGIO SANTA BERNARDITA con la finalidad de gestionar la relaci\u00f3n que el Centro tiene con cada Usuario, en funci\u00f3n de su perfil (Alumno, Padre\/Tutor, Profesor, Gestor). Asimismo, cada centro podr\u00e1, con la misma finalidad, realizar los tratamientos no automatizados considere necesarios u oportunos, as\u00ed como comunicar los datos a personas del centro para un mejor conocimiento y gesti\u00f3n del mismo.<\/p>\n<p><u>DATOS DE LOS ALUMNOS DEL CENTRO<\/u><\/p>\n<p>Los datos de los alumnos de COLEGIO SANTA BERNARDITA ser\u00e1n tratados con las siguientes finalidades:<\/p>\n<ul>\n<li>Escolarizaci\u00f3n del alumno obligatoria conforme a la legislaci\u00f3n vigente.<\/li>\n<li>Como de matr\u00edcula, mensualidades y donaciones voluntarias.<\/li>\n<li>Servicios complementarios, actividades extraescolares, organizaci\u00f3n de actividades educativas, deportivas y l\u00fadicas.<\/li>\n<li>Tratamiento de datos de salud con la finalidad de satisfacer las necesidades espec\u00edficas del alumno, en su caso.<\/li>\n<li>Tratamiento de im\u00e1genes de aquellos alumnos que as\u00ed lo hayan consentido previamente, las cuales podr\u00e1n aparecer en v\u00eddeos e im\u00e1genes de la web, RRSS, tabl\u00f3n del centro&#8230; con motivo de su participaci\u00f3n en diferentes actividades y proyectos organizados por el centro, con la finalidad de promover y promocionar las actividades del mismo.<\/li>\n<\/ul>\n<p><strong>Tratamiento de datos de terceras personas<\/strong><\/p>\n<p>Como norma general, el Responsable s\u00f3lo tratar\u00e1 los datos que faciliten sus titulares. En caso de recibir datos de terceros, se deber\u00e1 con car\u00e1cter previo, informar y solicitar su consentimiento a dichas personas, o de lo contrario COLEGIO SANTA BERNARDITA quedar\u00e1 exento de cualquier responsabilidad por el incumplimiento de este requisito.<\/p>\n<p><strong>Comunicaciones comerciales por medios electr\u00f3nicos<\/strong><\/p>\n<p>Si el usuario hubiera previamente otorgado su consentimiento expreso para ello, COLEGIO SANTA BERNARDITA enviar\u00e1 comunicaciones comerciales a la direcci\u00f3n de correo electr\u00f3nico proporcionada. El Responsable almacenar\u00e1 el email en la base de datos. Las finalidades de este tratamiento concreto consisten en:<\/p>\n<ul>\n<li>Gestionar el servicio solicitado.<\/li>\n<li>Informaci\u00f3n por medios electr\u00f3nicos, que versen sobre la solicitud.<\/li>\n<li>Informaci\u00f3n comercial o de eventos por medios electr\u00f3nicos, siempre que exista autorizaci\u00f3n expresa.<\/li>\n<li>Informarle sobre nuevas actividades, productos y servicios<\/li>\n<\/ul>\n<p><strong>\u00a0<\/strong><strong>Medidas de seguridad aplicamos<\/strong><\/p>\n<p>COLEGIO SANTA BERNARDITA ha adoptado un nivel \u00f3ptimo de seguridad de la informaci\u00f3n, poniendo los medios y adoptando las medidas t\u00e9cnicas y organizativas adecuadas seg\u00fan el estado de la tecnolog\u00eda para evitar la p\u00e9rdida, mal uso, alteraci\u00f3n, acceso no autorizado o robo de los Datos Personales.<\/p>\n<p><strong>Comunicaci\u00f3n a terceros<\/strong><\/p>\n<p>Los datos personales de los usuarios podr\u00e1n ser cedidos a:<\/p>\n<p><strong>\u00a0<\/strong>Agencia Estatal de la Administraci\u00f3n Tributaria y a bancos y entidades financieras para el cobro del servicio prestado o producto adquirido; en virtud de obligaci\u00f3n legal.<\/p>\n<ul>\n<li>Encargados del tratamiento necesarios para la prestaci\u00f3n del servicio, quienes tendr\u00e1n firmado un contrato de prestaci\u00f3n de servicios que les obliga a mantener el mismo nivel de privacidad que el del responsable.<\/li>\n<\/ul>\n<p>En el caso de que alguna de las cesiones implique una transferencia internacional de datos al usar aplicaciones americanas, estar\u00e1 adherida al convenio Privacy Shield, que garantiza que las empresas de software americano cumplen las pol\u00edticas de protecci\u00f3n de datos europeas en materia de privacidad.<\/p>\n<p><strong>Derechos del usuario<\/strong><\/p>\n<p>La normativa en materia de protecci\u00f3n de datos reconoce al usuario una serie de derechos, los cuales, COLEGIO SANTA BERNARDITA, como responsable, tiene obligaci\u00f3n de satisfacer:<\/p>\n<ul>\n<li>A saber si se est\u00e1n tratando sus datos o no.<\/li>\n<li>A acceder a los datos personales objeto del tratamiento.<\/li>\n<li>A solicitar la rectificaci\u00f3n de los datos si son inexactos.<\/li>\n<li>A solicitar la supresi\u00f3n de los datos si ya no son necesarios para los fines para los que fueron recogidos o si retira el consentimiento otorgado.<\/li>\n<li>A solicitar la limitaci\u00f3n del tratamiento de los datos, en algunos supuestos, en cuyo caso s\u00f3lo se conservar\u00e1n de acuerdo con la normativa vigente.<\/li>\n<li>A la portabilidad de los datos, que ser\u00e1n facilitados en un formato estructurado, de uso com\u00fan o lectura mec\u00e1nica; o podr\u00e1n ser enviados al nuevo responsable designado. S\u00f3lo es v\u00e1lido en determinados supuestos.<\/li>\n<li>A presentar una reclamaci\u00f3n ante la Agencia Espa\u00f1ola de Protecci\u00f3n de Datos o autoridad de control competente.<\/li>\n<li>A revocar el consentimiento para cualquier tratamiento para el que hubiera consentido, en cualquier momento.<\/li>\n<\/ul>\n<p>Para facilitar el proceso, y cumplir con el principio de exactitud de los datos, si se modifica alg\u00fan dato, el Responsable agradece la comunicaci\u00f3n de dicha modificaci\u00f3n.<\/p>\n<p>Para el ejercicio de los mencionados derechos, el usuario puede solicitar a COLEGIO SANTA BERNARDITA un formulario, o usar los elaborados por la Agencia Espa\u00f1ola de Protecci\u00f3n de Datos o terceros. Estos formularios deben ir firmados electr\u00f3nicamente o ser acompa\u00f1ados de fotocopia del DNI; en caso de haber representaci\u00f3n se debe adjuntar copia de DNI del usuario, o que lo firme con su firma electr\u00f3nica. Los formularios pueden ser presentados presencialmente, enviados por carta o por mail en la direcci\u00f3n del Responsable al inicio de este texto.<\/p>\n<p>Dependiendo del derecho ejercitado, COLEGIO SANTA BERNARDITA tardar\u00e1 como m\u00e1ximo un mes en dar respuesta desde la recepci\u00f3n de la solicitud, y dos meses si el tema es muy complejo, caso en el cual el usuario ser\u00e1 notificado.<\/p>\n<p><strong>Cookies<\/strong><\/p>\n<p>La Web utiliza Cookies, si deseas ampliar tu informaci\u00f3n, puedes hacerlo accediendo a nuestra Pol\u00edtica de Cookies.<\/p>\n<p><strong>\u00a0<\/strong><strong>Conservaci\u00f3n de los datos de car\u00e1cter personal<\/strong><\/p>\n<ul>\n<li>Los datos personales ser\u00e1n mantenidos mientras el usuario siga vinculado al responsable<\/li>\n<li>Una vez se desvincule, los datos tratados para cada finalidad se mantendr\u00e1n durante los plazos legalmente previstos, incluido el plazo en el que un juez o tribunal los pueda requerir atendiendo al plazo de prescripci\u00f3n de acciones judiciales.<\/li>\n<li>Los datos tratados se mantendr\u00e1n en tanto no expiren los plazos legales aludidos anteriormente, si hubiera obligaci\u00f3n legal de mantenimiento, o de no existir ese plazo legal, hasta que el interesado solicite su supresi\u00f3n o revoque el consentimiento otorgado.<\/li>\n<li>{Accounts.accountname} mantendr\u00e1 toda la informaci\u00f3n y comunicaciones relativas a la prestaci\u00f3n del servicio, mientras duren las garant\u00edas de los productos o servicios, para atender posibles reclamaciones.<\/li>\n<\/ul>\n<\/div><div class=\"fusion-clearfix\"><\/div>\n\n\t\t\t\t\t<\/div>\n\t\t\t\t<\/div><\/div><\/div>\n","protected":false},"excerpt":{"rendered":"","protected":false},"author":1,"featured_media":0,"parent":0,"menu_order":0,"comment_status":"closed","ping_status":"closed","template":"","meta":{"footnotes":""},"class_list":["post-955","page","type-page","status-publish","hentry"],"yoast_head":"<!-- This site is optimized with the Yoast SEO plugin v24.2 - https:\/\/yoast.com\/wordpress\/plugins\/seo\/ -->\n<title>Pol\u00edtica de privacidad - Colegio Santa Bernardita<\/title>\n<meta name=\"robots\" content=\"index, follow, max-snippet:-1, max-image-preview:large, max-video-preview:-1\" \/>\n<link rel=\"canonical\" href=\"https:\/\/santabernardita.es\/index.php\/politica-privacidad\/\" \/>\n<meta property=\"og:locale\" content=\"es_ES\" \/>\n<meta property=\"og:type\" content=\"article\" \/>\n<meta property=\"og:title\" content=\"Pol\u00edtica de privacidad - Colegio Santa Bernardita\" \/>\n<meta property=\"og:url\" content=\"https:\/\/santabernardita.es\/index.php\/politica-privacidad\/\" \/>\n<meta property=\"og:site_name\" content=\"Colegio Santa Bernardita\" \/>\n<meta property=\"article:modified_time\" content=\"2019-03-23T14:04:37+00:00\" \/>\n<meta name=\"twitter:card\" content=\"summary_large_image\" \/>\n<meta name=\"twitter:label1\" content=\"Tiempo de lectura\" \/>\n\t<meta name=\"twitter:data1\" content=\"10 minutos\" \/>\n<script type=\"application\/ld+json\" class=\"yoast-schema-graph\">{\"@context\":\"https:\/\/schema.org\",\"@graph\":[{\"@type\":\"WebPage\",\"@id\":\"https:\/\/santabernardita.es\/index.php\/politica-privacidad\/\",\"url\":\"https:\/\/santabernardita.es\/index.php\/politica-privacidad\/\",\"name\":\"Pol\u00edtica de privacidad - Colegio Santa Bernardita\",\"isPartOf\":{\"@id\":\"https:\/\/santabernardita.es\/#website\"},\"datePublished\":\"2019-03-23T12:27:29+00:00\",\"dateModified\":\"2019-03-23T14:04:37+00:00\",\"breadcrumb\":{\"@id\":\"https:\/\/santabernardita.es\/index.php\/politica-privacidad\/#breadcrumb\"},\"inLanguage\":\"es\",\"potentialAction\":[{\"@type\":\"ReadAction\",\"target\":[\"https:\/\/santabernardita.es\/index.php\/politica-privacidad\/\"]}]},{\"@type\":\"BreadcrumbList\",\"@id\":\"https:\/\/santabernardita.es\/index.php\/politica-privacidad\/#breadcrumb\",\"itemListElement\":[{\"@type\":\"ListItem\",\"position\":1,\"name\":\"Portada\",\"item\":\"https:\/\/santabernardita.es\/\"},{\"@type\":\"ListItem\",\"position\":2,\"name\":\"Pol\u00edtica de privacidad\"}]},{\"@type\":\"WebSite\",\"@id\":\"https:\/\/santabernardita.es\/#website\",\"url\":\"https:\/\/santabernardita.es\/\",\"name\":\"Colegio Santa Bernardita\",\"description\":\"Santa Bernardita\",\"potentialAction\":[{\"@type\":\"SearchAction\",\"target\":{\"@type\":\"EntryPoint\",\"urlTemplate\":\"https:\/\/santabernardita.es\/?s={search_term_string}\"},\"query-input\":{\"@type\":\"PropertyValueSpecification\",\"valueRequired\":true,\"valueName\":\"search_term_string\"}}],\"inLanguage\":\"es\"}]}<\/script>\n<!-- \/ Yoast SEO plugin. -->","yoast_head_json":{"title":"Pol\u00edtica de privacidad - Colegio Santa Bernardita","robots":{"index":"index","follow":"follow","max-snippet":"max-snippet:-1","max-image-preview":"max-image-preview:large","max-video-preview":"max-video-preview:-1"},"canonical":"https:\/\/santabernardita.es\/index.php\/politica-privacidad\/","og_locale":"es_ES","og_type":"article","og_title":"Pol\u00edtica de privacidad - Colegio Santa Bernardita","og_url":"https:\/\/santabernardita.es\/index.php\/politica-privacidad\/","og_site_name":"Colegio Santa Bernardita","article_modified_time":"2019-03-23T14:04:37+00:00","twitter_card":"summary_large_image","twitter_misc":{"Tiempo de lectura":"10 minutos"},"schema":{"@context":"https:\/\/schema.org","@graph":[{"@type":"WebPage","@id":"https:\/\/santabernardita.es\/index.php\/politica-privacidad\/","url":"https:\/\/santabernardita.es\/index.php\/politica-privacidad\/","name":"Pol\u00edtica de privacidad - Colegio Santa Bernardita","isPartOf":{"@id":"https:\/\/santabernardita.es\/#website"},"datePublished":"2019-03-23T12:27:29+00:00","dateModified":"2019-03-23T14:04:37+00:00","breadcrumb":{"@id":"https:\/\/santabernardita.es\/index.php\/politica-privacidad\/#breadcrumb"},"inLanguage":"es","potentialAction":[{"@type":"ReadAction","target":["https:\/\/santabernardita.es\/index.php\/politica-privacidad\/"]}]},{"@type":"BreadcrumbList","@id":"https:\/\/santabernardita.es\/index.php\/politica-privacidad\/#breadcrumb","itemListElement":[{"@type":"ListItem","position":1,"name":"Portada","item":"https:\/\/santabernardita.es\/"},{"@type":"ListItem","position":2,"name":"Pol\u00edtica de privacidad"}]},{"@type":"WebSite","@id":"https:\/\/santabernardita.es\/#website","url":"https:\/\/santabernardita.es\/","name":"Colegio Santa Bernardita","description":"Santa Bernardita","potentialAction":[{"@type":"SearchAction","target":{"@type":"EntryPoint","urlTemplate":"https:\/\/santabernardita.es\/?s={search_term_string}"},"query-input":{"@type":"PropertyValueSpecification","valueRequired":true,"valueName":"search_term_string"}}],"inLanguage":"es"}]}},"_links":{"self":[{"href":"https:\/\/santabernardita.es\/index.php\/wp-json\/wp\/v2\/pages\/955","targetHints":{"allow":["GET"]}}],"collection":[{"href":"https:\/\/santabernardita.es\/index.php\/wp-json\/wp\/v2\/pages"}],"about":[{"href":"https:\/\/santabernardita.es\/index.php\/wp-json\/wp\/v2\/types\/page"}],"author":[{"embeddable":true,"href":"https:\/\/santabernardita.es\/index.php\/wp-json\/wp\/v2\/users\/1"}],"replies":[{"embeddable":true,"href":"https:\/\/santabernardita.es\/index.php\/wp-json\/wp\/v2\/comments?post=955"}],"version-history":[{"count":2,"href":"https:\/\/santabernardita.es\/index.php\/wp-json\/wp\/v2\/pages\/955\/revisions"}],"predecessor-version":[{"id":961,"href":"https:\/\/santabernardita.es\/index.php\/wp-json\/wp\/v2\/pages\/955\/revisions\/961"}],"wp:attachment":[{"href":"https:\/\/santabernardita.es\/index.php\/wp-json\/wp\/v2\/media?parent=955"}],"curies":[{"name":"wp","href":"https:\/\/api.w.org\/{rel}","templated":true}]}}